{"id":336780,"date":"2023-03-12T11:12:40","date_gmt":"2023-03-12T10:12:40","guid":{"rendered":"http:\/\/wpml.spotondesignstudio.com\/preistabelle-estelle\/"},"modified":"2023-03-12T11:29:37","modified_gmt":"2023-03-12T10:29:37","slug":"preistabelle-estelle","status":"publish","type":"page","link":"http:\/\/wpml.spotondesignstudio.com\/en\/preistabelle-estelle\/","title":{"rendered":"Preistabelle Estelle"},"content":{"rendered":"<p>[et_pb_section fb_built=&#8221;1&#8243; theme_builder_area=&#8221;post_content&#8221; _builder_version=&#8221;4.18.0&#8243; _module_preset=&#8221;default&#8221;][et_pb_row _builder_version=&#8221;4.18.0&#8243; _module_preset=&#8221;default&#8221; theme_builder_area=&#8221;post_content&#8221;][et_pb_column _builder_version=&#8221;4.18.0&#8243; _module_preset=&#8221;default&#8221; type=&#8221;4_4&#8243; theme_builder_area=&#8221;post_content&#8221;][et_pb_pricing_tables show_bullet=&#8221;off&#8221; featured_table_bullet_color=&#8221;RGBA(255,255,255,0)&#8221; show_featured_drop_shadow=&#8221;off&#8221; featured_table_currency_frequency_text_color=&#8221;#BF2431&#8243; module_class=&#8221;costum_bullets&#8221; _builder_version=&#8221;4.20.1&#8243; _module_preset=&#8221;default&#8221; currency_frequency_text_color=&#8221;#BF2431&#8243; custom_padding_tablet=&#8221;&#8221; custom_padding_phone=&#8221;|10px||10px|false|true&#8221; custom_padding_last_edited=&#8221;on|phone&#8221; body_font_size_tablet=&#8221;20px&#8221; body_font_size_phone=&#8221;20px&#8221; body_font_size_last_edited=&#8221;on|phone&#8221; custom_css_pricing_top=&#8221;padding-bottom: 20px;||padding-top: 20px;&#8221; global_colors_info=&#8221;{}&#8221; theme_builder_area=&#8221;post_content&#8221;][et_pb_pricing_table title=&#8221;Amour for Artists&#8221; currency=&#8221;\u20ac&#8221; sum=&#8221;780&#8243; price_background_color=&#8221;#FFFFFF&#8221; header_background_color=&#8221;#BF2431&#8243; _builder_version=&#8221;4.19.4&#8243; _module_preset=&#8221;default&#8221; price_text_color=&#8221;#21130E&#8221; header_level=&#8221;h3&#8243; body_font=&#8221;||||||||&#8221; price_font_size=&#8221;60px&#8221; currency_frequency_text_color=&#8221;#21130E&#8221; currency_frequency_font_size=&#8221;22px&#8221; background_color=&#8221;#FFFFFF&#8221; background_enable_color=&#8221;on&#8221; border_width_all=&#8221;2px&#8221; border_color_all=&#8221;#21130E&#8221; border_width_bottom_price=&#8221;2px&#8221; border_color_bottom_price=&#8221;#21130E&#8221; global_colors_info=&#8221;{}&#8221; sticky_transition=&#8221;on&#8221; theme_builder_area=&#8221;post_content&#8221;]<\/p>\n<p><span class=\"et-pb-icon\" style=\"font-size: 22px; color: #bf2431; padding-right: 5px;\">$<\/span>6 Sitzungen \u00fcber Zoom von 1h30 Stunden<\/p>\n<p><span class=\"et-pb-icon\" style=\"font-size: 22px; color: #bf2431; padding-right: 5px;\">$<\/span>Kontakt \u00fcber Whats app bei Fragen oder akuten Krisenwhate<\/p>\n<p><span class=\"et-pb-icon\" style=\"font-size: 22px; color: #bf2431; padding-right: 5px;\">$<\/span>\u00dcbungsanweisungen und direkte Protokolle f\u00fcr jede Sitzung<\/p>\n<p><span class=\"et-pb-icon\" style=\"font-size: 22px; color: #bf2431; padding-right: 5px;\">$<\/span>Zeitlicher Rahmen: 6 Monate<\/p>\n<p>Erfahrungsgem\u00e4\u00df braucht es mindestens 6 Sitzungen, damit ein Arbeitsprozess beginnt zu reifen und eine Ver\u00e4nderung bei dem Paar eintritt. Ich richte mich nach euren Zeitfenstern, man kann die Sitzungen frei staffeln, mal mit kleineren oder gr\u00f6\u00dferen zeitlichen Abst\u00e4nden. F\u00fcr jede Sitzung gibt es \u00dcbungen und Protokolle, die ihr ausf\u00fcllt.<\/p>\n<p>[\/et_pb_pricing_table][et_pb_pricing_table title=&#8221;Amour for one&#8221; currency=&#8221;\u20ac&#8221; sum=&#8221;400&#8243; price_background_color=&#8221;#FFFFFF&#8221; header_background_color=&#8221;#BF2431&#8243; _builder_version=&#8221;4.19.4&#8243; _module_preset=&#8221;default&#8221; price_text_color=&#8221;#21130E&#8221; header_level=&#8221;h3&#8243; body_font=&#8221;||||||||&#8221; price_font_size=&#8221;60px&#8221; currency_frequency_text_color=&#8221;#21130E&#8221; currency_frequency_font_size=&#8221;22px&#8221; background_color=&#8221;#FFFFFF&#8221; background_enable_color=&#8221;on&#8221; border_width_all=&#8221;2px&#8221; border_color_all=&#8221;#21130E&#8221; border_width_bottom_price=&#8221;2px&#8221; border_color_bottom_price=&#8221;#21130E&#8221; global_colors_info=&#8221;{}&#8221; sticky_transition=&#8221;on&#8221; theme_builder_area=&#8221;post_content&#8221;]<\/p>\n<p><span class=\"et-pb-icon\" style=\"font-size: 22px; color: #bf2431; padding-right: 5px;\">$<\/span>3 Sitzungen \u00dcber Zoom von 1h30 f\u00fcr Einzelpersonen<br \/><span class=\"et-pb-icon\" style=\"font-size: 22px; color: #bf2431; padding-right: 5px;\">$<\/span>Kontakt \u00fcber Whats app bei Fragen oder akuten Krisenwhate<\/p>\n<p><span class=\"et-pb-icon\" style=\"font-size: 22px; color: #bf2431; padding-right: 5px;\">$<\/span>Zeitlicher Rahmen: 2 Monate<\/p>\n<p>Dieses Programm ist f\u00fcr Dich, wenn du gerne eine Paarberatung machen m\u00f6chtest, dein Partner*in aber noch nicht bereit ist, diesen Weg mit dir zu gehen. Die Sitzungen ersetzen keine Entwicklung zu zweit, k\u00f6nnen aber ein sehr guter Ansto\u00df sein, um<\/p>\n<p><span class=\"et-pb-icon\" style=\"font-size: 22px; color: #21130e; padding-right: 5px;\">$<\/span>sich \u00fcber die Probleme in der Beziehung mit etwas Abstand klar zu werden<\/p>\n<p><span class=\"et-pb-icon\" style=\"font-size: 22px; color: #21130e; padding-right: 5px;\">$<\/span>sich mit seinen eigenen Gef\u00fchlen und Problematiken auseinander zu setzen<\/p>\n<p><span class=\"et-pb-icon\" style=\"font-size: 22px; color: #21130e; padding-right: 5px;\">$<\/span>aus gewissen Hamster R\u00e4dern auszubrechen. Wenn einer der Partner*innen etwas f\u00fcr sich ver\u00e4ndert, ver\u00e4ndert das auch das System Beziehung, das ihr lebt. Somit k\u00f6nnen Probleme auf diese Art im Vorfeld gel\u00f6st werden.<\/p>\n<p>[\/et_pb_pricing_table][\/et_pb_pricing_tables][\/et_pb_column][\/et_pb_row][\/et_pb_section]<\/p>\n","protected":false},"excerpt":{"rendered":"<p>$6 Sitzungen \u00fcber Zoom von 1h30 Stunden $Kontakt \u00fcber Whats app bei Fragen oder akuten Krisenwhate $\u00dcbungsanweisungen und direkte Protokolle f\u00fcr jede Sitzung $Zeitlicher Rahmen: 6 Monate Erfahrungsgem\u00e4\u00df braucht es [&hellip;]<\/p>\n","protected":false},"author":1,"featured_media":0,"parent":0,"menu_order":0,"comment_status":"closed","ping_status":"closed","template":"","meta":{"_et_pb_use_builder":"on","_et_pb_old_content":"","_et_gb_content_width":"","footnotes":""},"class_list":["post-336780","page","type-page","status-publish","hentry"],"yoast_head":"<!-- This site is optimized with the Yoast SEO plugin v21.2 - https:\/\/yoast.com\/wordpress\/plugins\/seo\/ -->\n<title>Preistabelle Estelle - multipage.spotondesignstudio.com<\/title>\n<meta name=\"robots\" content=\"noindex, follow, max-snippet:-1, max-image-preview:large, max-video-preview:-1\" \/>\n<meta property=\"og:locale\" content=\"en_US\" \/>\n<meta property=\"og:type\" content=\"article\" \/>\n<meta property=\"og:title\" content=\"Preistabelle Estelle - multipage.spotondesignstudio.com\" \/>\n<meta property=\"og:description\" content=\"$6 Sitzungen \u00fcber Zoom von 1h30 Stunden $Kontakt \u00fcber Whats app bei Fragen oder akuten Krisenwhate $\u00dcbungsanweisungen und direkte Protokolle f\u00fcr jede Sitzung $Zeitlicher Rahmen: 6 Monate Erfahrungsgem\u00e4\u00df braucht es [&hellip;]\" \/>\n<meta property=\"og:url\" content=\"http:\/\/wpml.spotondesignstudio.com\/en\/preistabelle-estelle\/\" \/>\n<meta property=\"og:site_name\" content=\"multipage.spotondesignstudio.com\" \/>\n<meta property=\"article:modified_time\" content=\"2023-03-12T10:29:37+00:00\" \/>\n<meta name=\"twitter:card\" content=\"summary_large_image\" \/>\n<meta name=\"twitter:label1\" content=\"Est. reading time\" \/>\n\t<meta name=\"twitter:data1\" content=\"3 minutes\" \/>\n<script type=\"application\/ld+json\" class=\"yoast-schema-graph\">{\"@context\":\"https:\/\/schema.org\",\"@graph\":[{\"@type\":\"WebPage\",\"@id\":\"http:\/\/wpml.spotondesignstudio.com\/en\/preistabelle-estelle\/\",\"url\":\"http:\/\/wpml.spotondesignstudio.com\/en\/preistabelle-estelle\/\",\"name\":\"Preistabelle Estelle - multipage.spotondesignstudio.com\",\"isPartOf\":{\"@id\":\"http:\/\/wpml.spotondesignstudio.com\/en\/#website\"},\"datePublished\":\"2023-03-12T10:12:40+00:00\",\"dateModified\":\"2023-03-12T10:29:37+00:00\",\"breadcrumb\":{\"@id\":\"http:\/\/wpml.spotondesignstudio.com\/en\/preistabelle-estelle\/#breadcrumb\"},\"inLanguage\":\"en-US\",\"potentialAction\":[{\"@type\":\"ReadAction\",\"target\":[\"http:\/\/wpml.spotondesignstudio.com\/en\/preistabelle-estelle\/\"]}]},{\"@type\":\"BreadcrumbList\",\"@id\":\"http:\/\/wpml.spotondesignstudio.com\/en\/preistabelle-estelle\/#breadcrumb\",\"itemListElement\":[{\"@type\":\"ListItem\",\"position\":1,\"name\":\"Home\",\"item\":\"http:\/\/wpml.spotondesignstudio.com\/en\/\"},{\"@type\":\"ListItem\",\"position\":2,\"name\":\"Preistabelle Estelle\"}]},{\"@type\":\"WebSite\",\"@id\":\"http:\/\/wpml.spotondesignstudio.com\/en\/#website\",\"url\":\"http:\/\/wpml.spotondesignstudio.com\/en\/\",\"name\":\"multipage.spotondesignstudio.com\",\"description\":\"Multipage\",\"potentialAction\":[{\"@type\":\"SearchAction\",\"target\":{\"@type\":\"EntryPoint\",\"urlTemplate\":\"http:\/\/wpml.spotondesignstudio.com\/en\/?s={search_term_string}\"},\"query-input\":\"required name=search_term_string\"}],\"inLanguage\":\"en-US\"}]}<\/script>\n<!-- \/ Yoast SEO plugin. -->","yoast_head_json":{"title":"Preistabelle Estelle - multipage.spotondesignstudio.com","robots":{"index":"noindex","follow":"follow","max-snippet":"max-snippet:-1","max-image-preview":"max-image-preview:large","max-video-preview":"max-video-preview:-1"},"og_locale":"en_US","og_type":"article","og_title":"Preistabelle Estelle - multipage.spotondesignstudio.com","og_description":"$6 Sitzungen \u00fcber Zoom von 1h30 Stunden $Kontakt \u00fcber Whats app bei Fragen oder akuten Krisenwhate $\u00dcbungsanweisungen und direkte Protokolle f\u00fcr jede Sitzung $Zeitlicher Rahmen: 6 Monate Erfahrungsgem\u00e4\u00df braucht es [&hellip;]","og_url":"http:\/\/wpml.spotondesignstudio.com\/en\/preistabelle-estelle\/","og_site_name":"multipage.spotondesignstudio.com","article_modified_time":"2023-03-12T10:29:37+00:00","twitter_card":"summary_large_image","twitter_misc":{"Est. reading time":"3 minutes"},"schema":{"@context":"https:\/\/schema.org","@graph":[{"@type":"WebPage","@id":"http:\/\/wpml.spotondesignstudio.com\/en\/preistabelle-estelle\/","url":"http:\/\/wpml.spotondesignstudio.com\/en\/preistabelle-estelle\/","name":"Preistabelle Estelle - multipage.spotondesignstudio.com","isPartOf":{"@id":"http:\/\/wpml.spotondesignstudio.com\/en\/#website"},"datePublished":"2023-03-12T10:12:40+00:00","dateModified":"2023-03-12T10:29:37+00:00","breadcrumb":{"@id":"http:\/\/wpml.spotondesignstudio.com\/en\/preistabelle-estelle\/#breadcrumb"},"inLanguage":"en-US","potentialAction":[{"@type":"ReadAction","target":["http:\/\/wpml.spotondesignstudio.com\/en\/preistabelle-estelle\/"]}]},{"@type":"BreadcrumbList","@id":"http:\/\/wpml.spotondesignstudio.com\/en\/preistabelle-estelle\/#breadcrumb","itemListElement":[{"@type":"ListItem","position":1,"name":"Home","item":"http:\/\/wpml.spotondesignstudio.com\/en\/"},{"@type":"ListItem","position":2,"name":"Preistabelle Estelle"}]},{"@type":"WebSite","@id":"http:\/\/wpml.spotondesignstudio.com\/en\/#website","url":"http:\/\/wpml.spotondesignstudio.com\/en\/","name":"multipage.spotondesignstudio.com","description":"Multipage","potentialAction":[{"@type":"SearchAction","target":{"@type":"EntryPoint","urlTemplate":"http:\/\/wpml.spotondesignstudio.com\/en\/?s={search_term_string}"},"query-input":"required name=search_term_string"}],"inLanguage":"en-US"}]}},"_links":{"self":[{"href":"http:\/\/wpml.spotondesignstudio.com\/en\/wp-json\/wp\/v2\/pages\/336780","targetHints":{"allow":["GET"]}}],"collection":[{"href":"http:\/\/wpml.spotondesignstudio.com\/en\/wp-json\/wp\/v2\/pages"}],"about":[{"href":"http:\/\/wpml.spotondesignstudio.com\/en\/wp-json\/wp\/v2\/types\/page"}],"author":[{"embeddable":true,"href":"http:\/\/wpml.spotondesignstudio.com\/en\/wp-json\/wp\/v2\/users\/1"}],"replies":[{"embeddable":true,"href":"http:\/\/wpml.spotondesignstudio.com\/en\/wp-json\/wp\/v2\/comments?post=336780"}],"version-history":[{"count":5,"href":"http:\/\/wpml.spotondesignstudio.com\/en\/wp-json\/wp\/v2\/pages\/336780\/revisions"}],"predecessor-version":[{"id":336786,"href":"http:\/\/wpml.spotondesignstudio.com\/en\/wp-json\/wp\/v2\/pages\/336780\/revisions\/336786"}],"wp:attachment":[{"href":"http:\/\/wpml.spotondesignstudio.com\/en\/wp-json\/wp\/v2\/media?parent=336780"}],"curies":[{"name":"wp","href":"https:\/\/api.w.org\/{rel}","templated":true}]}}